{"id":156,"date":"2023-02-07T11:42:07","date_gmt":"2023-02-07T11:42:07","guid":{"rendered":"https:\/\/wcdiagnostics.com\/?page_id=156"},"modified":"2025-11-17T02:39:38","modified_gmt":"2025-11-17T07:39:38","slug":"food-handler-training-online","status":"publish","type":"page","link":"https:\/\/wcdiagnostics.com\/es\/food-handler-training-online\/","title":{"rendered":"Food Handler Training Online"},"content":{"rendered":"<div class=\"wp-block-uagb-container uagb-block-93044ece alignfull uagb-is-root-container\"><div class=\"uagb-container-inner-blocks-wrap\"><h1 class=\"wp-block-heading has-text-color\" style=\"color:#496a8e\"><strong>Food Handler Training Online<\/strong><br><\/h1>\n\n<p>The food handler training course is 2 hours long and it is offered in a classroom setting, onsite at your location and online. This course provides basic information on food safety issues and how to maintain a food prep environment safe. Every food handler should take this course. It will help you understand how handling food safe improves safety and reduces cost.<\/p>\n\n<p>(English &amp; Spanish available) Enroll and select your preferred language.<\/p>\n\n<h1 class=\"wp-block-heading has-text-color\" id=\"english\" style=\"color:#496a8e\"><strong>Food Handler Training-English<br><\/strong><\/h1>\n\n<p>The Food Handler Training Online course is easy to navigate and self-paced. Click the link below to access the course. Approved by the Texas Department of State Health Services (License #50).<br><strong><mark style=\"background-color:rgba(0, 0, 0, 0);color:#9f0fab\" class=\"has-inline-color\">Price : $3.99<br>Length: 1 hour<\/mark><\/strong><\/p>\n\n<div class=\"wp-block-buttons is-layout-flex wp-block-buttons-is-layout-flex\"><div class=\"wp-block-button EC\"><a class=\"wp-block-button__link wp-element-button\" href=\"\/es\/registration\/\">Take this course<\/a><\/div><\/div>\n\n<div style=\"height:10px\" aria-hidden=\"true\" class=\"wp-block-spacer\"><\/div>\n\n<h1 class=\"wp-block-heading has-text-color\" id=\"spanish\" style=\"color:#496a8e\"><strong>Food Handler Training-Spanish<br><\/strong><\/h1>\n\n<p>El curso en l\u00ednea de Capacitaci\u00f3n para Manipuladores de Alimentos es f\u00e1cil de navegar y se adapta a su propio ritmo. Haga clic en el enlace a continuaci\u00f3n para acceder al curso. Aprobado por el Departamento de Servicios de Salud del Estado de Texas (Licencia n.\u00ba 50).<br><strong style=\"color=purple\"><mark style=\"background-color:rgba(0, 0, 0, 0);color:#9f0fab\" class=\"has-inline-color\">Precio: $3.99<br>Duraci\u00f3n: 1 hora<\/mark><\/strong><\/p>\n\n<div class=\"wp-block-buttons SC is-layout-flex wp-block-buttons-is-layout-flex\"><div class=\"wp-block-button\"><a class=\"wp-block-button__link wp-element-button\" href=\"\/es\/registration\">Take this course<\/a><\/div><\/div>\n\n<div style=\"height:10px\" aria-hidden=\"true\" class=\"wp-block-spacer\"><\/div>\n\n<div class=\"wp-block-uagb-advanced-heading uagb-block-0e19978a\"><h2 class=\"uagb-heading-text\">Call us to register for the following classroom course:<\/h2><\/div>\n\n<p>TXDSHS approved Food Handler Training, classroom  \u2014  $15<br>TXDSHS approved Food Handler Training, onsite  \u2014  $20 (minimum 30 trainees)<br>TXDSHS approved Food Handler Training, onsite  \u2014  $25 (minimum 20 trainees)<\/p><\/div><\/div><p><\/p>","protected":false},"excerpt":{"rendered":"<p>Food Handler Training Online The food handler training course is 2 hours long and it is offered in a classroom setting, onsite at your location and online. This course provides basic information on food safety issues and how to maintain a food prep environment safe. Every food handler should take this course. It will help [&hellip;]<\/p>","protected":false},"author":5,"featured_media":0,"parent":0,"menu_order":0,"comment_status":"closed","ping_status":"closed","template":"","meta":{"_uag_custom_page_level_css":"","_genesis_hide_title":true,"_genesis_hide_breadcrumbs":false,"_genesis_hide_singular_image":false,"_genesis_hide_footer_widgets":false,"_genesis_custom_body_class":"","_genesis_custom_post_class":"","_genesis_layout":"","footnotes":""},"class_list":{"0":"post-156","1":"page","2":"type-page","3":"status-publish","5":"entry"},"uagb_featured_image_src":{"full":false,"thumbnail":false,"medium":false,"medium_large":false,"large":false,"1536x1536":false,"2048x2048":false,"trp-custom-language-flag":false,"featured-page":false,"woocommerce_thumbnail":false,"woocommerce_single":false,"woocommerce_gallery_thumbnail":false},"uagb_author_info":{"display_name":"worldcredentials@gmail.com","author_link":"https:\/\/wcdiagnostics.com\/es\/author\/worldcredentialsgmail-com\/"},"uagb_comment_info":0,"uagb_excerpt":"Food Handler Training Online The food handler training course is 2 hours long and it is offered in a classroom setting, onsite at your location and online. This course provides basic information on food safety issues and how to maintain a food prep environment safe. Every food handler should take this course. It will help&hellip;","_links":{"self":[{"href":"https:\/\/wcdiagnostics.com\/es\/wp-json\/wp\/v2\/pages\/156","targetHints":{"allow":["GET"]}}],"collection":[{"href":"https:\/\/wcdiagnostics.com\/es\/wp-json\/wp\/v2\/pages"}],"about":[{"href":"https:\/\/wcdiagnostics.com\/es\/wp-json\/wp\/v2\/types\/page"}],"author":[{"embeddable":true,"href":"https:\/\/wcdiagnostics.com\/es\/wp-json\/wp\/v2\/users\/5"}],"replies":[{"embeddable":true,"href":"https:\/\/wcdiagnostics.com\/es\/wp-json\/wp\/v2\/comments?post=156"}],"version-history":[{"count":46,"href":"https:\/\/wcdiagnostics.com\/es\/wp-json\/wp\/v2\/pages\/156\/revisions"}],"predecessor-version":[{"id":1560,"href":"https:\/\/wcdiagnostics.com\/es\/wp-json\/wp\/v2\/pages\/156\/revisions\/1560"}],"wp:attachment":[{"href":"https:\/\/wcdiagnostics.com\/es\/wp-json\/wp\/v2\/media?parent=156"}],"curies":[{"name":"wp","href":"https:\/\/api.w.org\/{rel}","templated":true}]}}