{"id":9,"date":"2023-02-04T02:08:27","date_gmt":"2023-02-04T02:08:27","guid":{"rendered":"https:\/\/wcdiagnostics.com\/?page_id=9"},"modified":"2025-11-17T02:38:44","modified_gmt":"2025-11-17T07:38:44","slug":"home-page","status":"publish","type":"page","link":"https:\/\/wcdiagnostics.com\/es\/","title":{"rendered":"Home page"},"content":{"rendered":"<div id=\"main-cont\" class=\"wp-block-uagb-container uagb-block-7d2f4eea alignfull uagb-is-root-container\"><div class=\"uagb-container-inner-blocks-wrap\"><div id=\"cont1\" class=\"wp-block-uagb-container uagb-block-0eadc7b2\"><div class=\"wp-block-columns is-layout-flex wp-container-core-columns-is-layout-9d6595d7 wp-block-columns-is-layout-flex\"><div class=\"wp-block-column is-layout-flow wp-block-column-is-layout-flow\"><h2 class=\"wp-block-heading\"><strong>Evaluation of foreign educational credentials<\/strong><\/h2>\n\n<p>World Credential Diagnostics (WCD) specializes in the evaluation of educational credentials of foreign nationals seeking admission into US colleges and universities.<br>With our staff of well-qualified professionals, we provide evaluations of educational credentials abroad to show equivalence in the United States. Credentials received from foreign educational institutions are compared to degrees from educational institutions in the United States (Examples: Bachelor, Master, and Doctoral degree programs). Individuals seeking evaluation services should mail notarized copies of the originals of their credentials to our agency. Originals are requested when extensive research is needed to complete the evaluation process. WCD is a member of the American Evaluation Association (AEA).<\/p>\n\n<div class=\"wp-block-buttons is-layout-flex wp-block-buttons-is-layout-flex\"><div class=\"wp-block-button\" id=\"main-btn\"><a class=\"wp-block-button__link wp-element-button\" href=\"\/es\/credential-evaluation\/\">READ MORE<\/a><\/div><\/div><\/div>\n\n<div class=\"wp-block-column is-layout-flow wp-block-column-is-layout-flow\"><figure class=\"wp-block-image size-full\"><img fetchpriority=\"high\" decoding=\"async\" width=\"579\" height=\"404\" src=\"https:\/\/wcdiagnostics.com\/wp-content\/uploads\/2023\/02\/training.png\" alt=\"\" class=\"wp-image-38\"\/><\/figure><\/div><\/div>\n\n<div class=\"wp-block-columns is-layout-flex wp-container-core-columns-is-layout-9d6595d7 wp-block-columns-is-layout-flex\"><div class=\"wp-block-column is-layout-flow wp-block-column-is-layout-flow\"><figure class=\"wp-block-image size-full\"><img decoding=\"async\" width=\"579\" height=\"404\" src=\"https:\/\/wcdiagnostics.com\/wp-content\/uploads\/2023\/02\/education.png\" alt=\"\" class=\"wp-image-22\"\/><\/figure><\/div>\n\n<div class=\"wp-block-column is-layout-flow wp-block-column-is-layout-flow\"><h2 class=\"wp-block-heading\"><strong>Food Safety Training<\/strong><\/h2>\n\n<p>Foodborne pathogens cause food related diseases to tens of millions of people and kill thousands. The nature of food and the extent to which it is handled provides opportunity for contamination. Restaurants must have a state accredited training program in place to prevent most cases of foodborne illnesses.<br>It is easier for restaurants to manage employee training needs with World Credential Diagnostics. We are currently working with a variety of restaurants and have the tools to satisfy your staff.<\/p>\n\n<div class=\"wp-block-buttons is-layout-flex wp-block-buttons-is-layout-flex\"><div class=\"wp-block-button\" id=\"main-btn\"><a class=\"wp-block-button__link wp-element-button\" href=\"\/es\/food-handler-training-online\/\">READ MORE<\/a><\/div><\/div><\/div><\/div><\/div>\n\n<div class=\"wp-block-uagb-container uagb-block-83fd1088\"><div class=\"wp-block-columns is-layout-flex wp-container-core-columns-is-layout-9d6595d7 wp-block-columns-is-layout-flex\"><div class=\"wp-block-column is-layout-flow wp-block-column-is-layout-flow\"><figure class=\"wp-block-image size-full img-r\"><img decoding=\"async\" width=\"1000\" height=\"667\" src=\"https:\/\/wcdiagnostics.com\/wp-content\/uploads\/2023\/02\/brainstorm-meeting.jpg\" alt=\"\" class=\"wp-image-40\" srcset=\"https:\/\/wcdiagnostics.com\/wp-content\/uploads\/2023\/02\/brainstorm-meeting.jpg 1000w, https:\/\/wcdiagnostics.com\/wp-content\/uploads\/2023\/02\/brainstorm-meeting-700x467.jpg 700w\" sizes=\"(max-width: 1000px) 100vw, 1000px\" \/><\/figure><\/div>\n\n<div class=\"wp-block-column is-layout-flow wp-block-column-is-layout-flow\"><h2 class=\"wp-block-heading\"><strong>Apply for Credential Evaluation<\/strong><\/h2>\n\n<p>Helping you succeed is our primary objective. We guarantee the efficiency of our services. Our satisfied clients include educational institutions across the nation, licensing agencies, prominent firms and major corporations in various industries including private, government and public.<\/p>\n\n<div style=\"height:25px\" aria-hidden=\"true\" class=\"wp-block-spacer\"><\/div>\n\n<div class=\"wp-block-buttons is-layout-flex wp-block-buttons-is-layout-flex\"><div class=\"wp-block-button\" id=\"main-btn\"><a class=\"wp-block-button__link wp-element-button\" href=\"\/es\/application\/\">Apply here<\/a><\/div><\/div><\/div>\n\n<div class=\"wp-block-column is-layout-flow wp-block-column-is-layout-flow\"><h2 class=\"wp-block-heading\"><strong>Types of Credential Evaluation<\/strong><\/h2>\n\n<p>Our firm evaluates for Dallas College, Tarrant County College, The University of Texas at Dallas, Parker University, Houston Community College, including other accredited universities and colleges in the US.<br><br><br><\/p>\n\n<div class=\"wp-block-buttons is-layout-flex wp-block-buttons-is-layout-flex\"><div class=\"wp-block-button\" id=\"main-btn\"><a class=\"wp-block-button__link has-white-color has-text-color wp-element-button\" href=\"\/es\/services\/\">READ MORE<\/a><\/div><\/div><\/div><\/div><\/div>\n\n<div class=\"wp-block-uagb-container uagb-block-534f6512\"><div class=\"wp-block-columns is-layout-flex wp-container-core-columns-is-layout-9d6595d7 wp-block-columns-is-layout-flex\"><div class=\"wp-block-column is-layout-flow wp-block-column-is-layout-flow\"><h2 class=\"wp-block-heading\"><strong>Food Handler Training-English<\/strong><\/h2>\n\n<p>The Food Handler Training Online course is easy to navigate and self-paced. Click the link below to access the course. Approved by the Texas Department of State Health Services (License #50).<br>Price : $3.99<br>Length: 1 hour<\/p>\n\n<div class=\"wp-block-buttons is-layout-flex wp-block-buttons-is-layout-flex\"><div class=\"wp-block-button\" id=\"main-btn\"><a class=\"wp-block-button__link wp-element-button\" href=\"\/es\/registration\/\">english<\/a><\/div><\/div><\/div>\n\n<div class=\"wp-block-column is-layout-flow wp-block-column-is-layout-flow\"><h2 class=\"wp-block-heading\"><strong><strong>Food Handler Training-<\/strong>Spanish<\/strong><\/h2>\n\n<p>El curso en l\u00ednea de Capacitaci\u00f3n para Manipuladores de Alimentos es f\u00e1cil de navegar y se adapta a su propio ritmo. Haga clic en el enlace a continuaci\u00f3n para acceder al curso. Aprobado por el Departamento de Servicios de Salud del Estado de Texas (Licencia n.\u00ba 50).<br>Precio: $3.99<br>Duraci\u00f3n: 1 hora<\/p>\n\n<div class=\"wp-block-buttons is-layout-flex wp-block-buttons-is-layout-flex\"><div class=\"wp-block-button\" id=\"main-btn\"><a class=\"wp-block-button__link has-white-color has-text-color wp-element-button\" href=\"\/es\/registration\">Spanish<\/a><\/div><\/div><\/div>\n\n<div class=\"wp-block-column is-layout-flow wp-block-column-is-layout-flow\"><div class=\"wp-block-buttons is-layout-flex wp-block-buttons-is-layout-flex\"><\/div>\n\n<figure class=\"wp-block-image size-full img-r\"><img loading=\"lazy\" decoding=\"async\" width=\"1000\" height=\"667\" src=\"https:\/\/wcdiagnostics.com\/wp-content\/uploads\/2023\/02\/young-attractive-smiling-student-showing-thumb-up-outdoors-campus-university.jpg\" alt=\"\" class=\"wp-image-54\" srcset=\"https:\/\/wcdiagnostics.com\/wp-content\/uploads\/2023\/02\/young-attractive-smiling-student-showing-thumb-up-outdoors-campus-university.jpg 1000w, https:\/\/wcdiagnostics.com\/wp-content\/uploads\/2023\/02\/young-attractive-smiling-student-showing-thumb-up-outdoors-campus-university-700x467.jpg 700w\" sizes=\"(max-width: 1000px) 100vw, 1000px\" \/><\/figure><\/div><\/div><\/div><\/div><\/div><div id=\"con-add\" class=\"wp-block-uagb-container uagb-block-1e36c75b alignfull uagb-is-root-container\"><div class=\"uagb-container-inner-blocks-wrap\"><div class=\"wp-block-columns is-layout-flex wp-container-core-columns-is-layout-9d6595d7 wp-block-columns-is-layout-flex\"><div class=\"wp-block-column is-layout-flow wp-block-column-is-layout-flow\"><\/div>\n\n<div class=\"wp-block-column has-background is-layout-flow wp-block-column-is-layout-flow\" style=\"background-color:#9f0fab\"><div class=\"wp-block-uagb-container uagb-block-eb3459ce\"><h3 class=\"wp-block-heading has-white-color has-text-color\">Office Address:<\/h3>\n\n<p class=\"has-white-color has-text-color\">9304 Forest Lane Suite # N 276<br>Dallas TX 75243<br><br>Tel: +1 972 232 9114<br>Dir: +1 469 951 5770<br>Email: worldcredentials@gmail.com<br>Hablamos espa\u00f1ol<\/p><\/div><\/div>\n\n<div class=\"wp-block-column is-layout-flow wp-block-column-is-layout-flow\"><\/div><\/div><\/div><\/div><div class=\"wp-block-uagb-container uagb-block-66102077 alignfull uagb-is-root-container\"><div class=\"uagb-container-inner-blocks-wrap\"><div class=\"wp-block-columns is-layout-flex wp-container-core-columns-is-layout-9d6595d7 wp-block-columns-is-layout-flex\"><div class=\"wp-block-column is-layout-flow wp-block-column-is-layout-flow\"><h2 class=\"wp-block-heading has-text-color\" style=\"color:#9f0fab\"><strong>Walk Ins Ok:<\/strong><\/h2>\n\n<p><strong>Monday: <\/strong>9am &#8211; 5:30pm<br><strong>Tuesday:<\/strong> 9am &#8211;  5:30pm<br><strong>Wednesday:<\/strong> 9am &#8211;  5:30pm<br><strong>Thursday:<\/strong> 9am &#8211;  5:30pm<br><strong>Friday:<\/strong> 9am &#8211;  5:30pm<br><strong>Saturday:<\/strong> Appointments Only<br><strong>Sunday:<\/strong> closed<br><strong>Lunch time (Mon-Friday):<br><\/strong>1pm-1:30pm<\/p><\/div>\n\n<div class=\"wp-block-column is-layout-flow wp-block-column-is-layout-flow\"><figure class=\"wp-block-image size-full img-r\"><img loading=\"lazy\" decoding=\"async\" width=\"1000\" height=\"665\" src=\"https:\/\/wcdiagnostics.com\/wp-content\/uploads\/2023\/02\/education-diploma-certificate-small-graduation-hat.jpg\" alt=\"\" class=\"wp-image-57\" srcset=\"https:\/\/wcdiagnostics.com\/wp-content\/uploads\/2023\/02\/education-diploma-certificate-small-graduation-hat.jpg 1000w, https:\/\/wcdiagnostics.com\/wp-content\/uploads\/2023\/02\/education-diploma-certificate-small-graduation-hat-700x466.jpg 700w\" sizes=\"(max-width: 1000px) 100vw, 1000px\" \/><\/figure><\/div><\/div><\/div><\/div><div class=\"wp-block-uagb-container uagb-block-eb384c1a alignfull uagb-is-root-container\"><div class=\"uagb-container-inner-blocks-wrap\"><div class=\"wp-block-uagb-container uagb-block-18e82c19\"><h4 class=\"wp-block-heading has-text-align-center has-text-color\" style=\"color:#9f0fab\"><strong>Why Choose WCD<\/strong><\/h4>\n\n<h2 class=\"wp-block-heading has-text-align-center has-text-color\" style=\"color:#9f0fab\"><strong>Let The Numbers Speak For Us<\/strong><\/h2>\n\n<div class=\"wp-block-columns is-layout-flex wp-container-core-columns-is-layout-9d6595d7 wp-block-columns-is-layout-flex\"><div class=\"wp-block-column is-layout-flow wp-block-column-is-layout-flow\"><h5 class=\"wp-block-heading has-text-align-center\"><strong>We Have Clients In<\/strong><\/h5>\n\n<h1 class=\"wp-block-heading has-text-align-center has-text-color\" style=\"color:#9f0fab\"><strong>20<\/strong><\/h1>\n\n<h5 class=\"wp-block-heading has-text-align-center\"><strong>States<\/strong><\/h5><\/div>\n\n<div class=\"wp-block-column is-layout-flow wp-block-column-is-layout-flow\"><h5 class=\"wp-block-heading has-text-align-center\"><strong>Successful Work With<\/strong><\/h5>\n\n<h1 class=\"wp-block-heading has-text-align-center has-text-color\" style=\"color:#9f0fab\"><strong>&nbsp;25,000<\/strong><\/h1>\n\n<h5 class=\"wp-block-heading has-text-align-center\"><strong>Clients<\/strong><\/h5><\/div>\n\n<div class=\"wp-block-column is-layout-flow wp-block-column-is-layout-flow\"><h5 class=\"wp-block-heading has-text-align-center\"><strong>Successfully Completed<\/strong><\/h5>\n\n<h1 class=\"wp-block-heading has-text-align-center has-text-color\" style=\"color:#9f0fab\"><strong>&nbsp;20,000<\/strong><\/h1>\n\n<h5 class=\"wp-block-heading has-text-align-center\"><strong>&nbsp;Evaluations<\/strong><\/h5><\/div>\n\n<div class=\"wp-block-column is-layout-flow wp-block-column-is-layout-flow\"><h5 class=\"wp-block-heading has-text-align-center\"><strong>We Have Seasoned&nbsp;<\/strong><\/h5>\n\n<h5 class=\"wp-block-heading has-text-align-center\"><strong>&nbsp;Professionals<\/strong><\/h5><\/div><\/div><\/div><\/div><\/div>","protected":false},"excerpt":{"rendered":"<p>Evaluation of foreign educational credentials World Credential Diagnostics (WCD) specializes in the evaluation of educational credentials of foreign nationals seeking admission into US colleges and universities.With our staff of well-qualified professionals, we provide evaluations of educational credentials abroad to show equivalence in the United States. Credentials received from foreign educational institutions are compared to degrees [&hellip;]<\/p>","protected":false},"author":5,"featured_media":0,"parent":0,"menu_order":0,"comment_status":"closed","ping_status":"closed","template":"","meta":{"_uag_custom_page_level_css":"","_genesis_hide_title":true,"_genesis_hide_breadcrumbs":false,"_genesis_hide_singular_image":false,"_genesis_hide_footer_widgets":false,"_genesis_custom_body_class":"","_genesis_custom_post_class":"","_genesis_layout":"","footnotes":""},"class_list":{"0":"post-9","1":"page","2":"type-page","3":"status-publish","5":"entry"},"uagb_featured_image_src":{"full":false,"thumbnail":false,"medium":false,"medium_large":false,"large":false,"1536x1536":false,"2048x2048":false,"trp-custom-language-flag":false,"featured-page":false,"woocommerce_thumbnail":false,"woocommerce_single":false,"woocommerce_gallery_thumbnail":false},"uagb_author_info":{"display_name":"worldcredentials@gmail.com","author_link":"https:\/\/wcdiagnostics.com\/es\/author\/worldcredentialsgmail-com\/"},"uagb_comment_info":0,"uagb_excerpt":"Evaluation of foreign educational credentials World Credential Diagnostics (WCD) specializes in the evaluation of educational credentials of foreign nationals seeking admission into US colleges and universities.With our staff of well-qualified professionals, we provide evaluations of educational credentials abroad to show equivalence in the United States. Credentials received from foreign educational institutions are compared to degrees&hellip;","_links":{"self":[{"href":"https:\/\/wcdiagnostics.com\/es\/wp-json\/wp\/v2\/pages\/9","targetHints":{"allow":["GET"]}}],"collection":[{"href":"https:\/\/wcdiagnostics.com\/es\/wp-json\/wp\/v2\/pages"}],"about":[{"href":"https:\/\/wcdiagnostics.com\/es\/wp-json\/wp\/v2\/types\/page"}],"author":[{"embeddable":true,"href":"https:\/\/wcdiagnostics.com\/es\/wp-json\/wp\/v2\/users\/5"}],"replies":[{"embeddable":true,"href":"https:\/\/wcdiagnostics.com\/es\/wp-json\/wp\/v2\/comments?post=9"}],"version-history":[{"count":66,"href":"https:\/\/wcdiagnostics.com\/es\/wp-json\/wp\/v2\/pages\/9\/revisions"}],"predecessor-version":[{"id":1559,"href":"https:\/\/wcdiagnostics.com\/es\/wp-json\/wp\/v2\/pages\/9\/revisions\/1559"}],"wp:attachment":[{"href":"https:\/\/wcdiagnostics.com\/es\/wp-json\/wp\/v2\/media?parent=9"}],"curies":[{"name":"wp","href":"https:\/\/api.w.org\/{rel}","templated":true}]}}